{"id":25491,"date":"2022-02-18T17:41:08","date_gmt":"2022-02-18T16:41:08","guid":{"rendered":"https:\/\/sushihus.dk\/en\/?page_id=25491"},"modified":"2025-11-27T17:59:37","modified_gmt":"2025-11-27T16:59:37","slug":"ad-libitum","status":"publish","type":"page","link":"https:\/\/sushihus.dk\/en\/ad-libitum","title":{"rendered":"Ad libitum"},"content":{"rendered":"<p>[et_pb_section fb_built=&#8221;1&#8243; disabled_on=&#8221;off|off|on&#8221; _builder_version=&#8221;4.16&#8243; _module_preset=&#8221;default&#8221; custom_padding=&#8221;0px||0px||false|false&#8221; global_colors_info=&#8221;{}&#8221;][et_pb_row custom_padding_last_edited=&#8221;on|phone&#8221; _builder_version=&#8221;4.17.3&#8243; _module_preset=&#8221;default&#8221; background_image=&#8221;https:\/\/sushihus.dk\/en\/wp-content\/uploads\/2022\/05\/3.png&#8221; width_tablet=&#8221;100%&#8221; width_phone=&#8221;&#8221; width_last_edited=&#8221;on|tablet&#8221; max_width_tablet=&#8221;100%&#8221; max_width_phone=&#8221;&#8221; max_width_last_edited=&#8221;on|tablet&#8221; custom_margin=&#8221;0px||0px||false|false&#8221; custom_padding=&#8221;0px||90px||false|false&#8221; custom_padding_tablet=&#8221;200px||200px||true|false&#8221; custom_padding_phone=&#8221;150px||150px||true|false&#8221; global_colors_info=&#8221;{}&#8221;][et_pb_column type=&#8221;4_4&#8243; _builder_version=&#8221;4.16&#8243; _module_preset=&#8221;default&#8221; global_colors_info=&#8221;{}&#8221;][\/et_pb_column][\/et_pb_row][\/et_pb_section][et_pb_section fb_built=&#8221;1&#8243; custom_padding_last_edited=&#8221;on|tablet&#8221; _builder_version=&#8221;4.17.3&#8243; _module_preset=&#8221;default&#8221; background_color=&#8221;#FFFFFF&#8221; background_image=&#8221;https:\/\/sushihus.dk\/en\/wp-content\/uploads\/2022\/05\/3.png&#8221; parallax=&#8221;on&#8221; custom_margin=&#8221;0px||0px||false|false&#8221; custom_padding=&#8221;341px||0px||false|false&#8221; custom_padding_tablet=&#8221;0px||0px||false|false&#8221; custom_padding_phone=&#8221;0px||0px||false|false&#8221; bottom_divider_color=&#8221;#FFFFFF&#8221; global_colors_info=&#8221;{}&#8221;][et_pb_row column_structure=&#8221;1_2,1_2&#8243; use_custom_gutter=&#8221;on&#8221; gutter_width=&#8221;1&#8243; make_equal=&#8221;on&#8221; admin_label=&#8221;Best Beans Row&#8221; module_class=&#8221; et_pb_row_fullwidth&#8221; _builder_version=&#8221;4.16&#8243; width=&#8221;100%&#8221; width_tablet=&#8221;100%&#8221; width_phone=&#8221;100%&#8221; width_last_edited=&#8221;on|desktop&#8221; max_width=&#8221;100%&#8221; max_width_tablet=&#8221;100%&#8221; max_width_phone=&#8221;100%&#8221; max_width_last_edited=&#8221;on|desktop&#8221; custom_margin=&#8221;|||&#8221; custom_padding=&#8221;0px|0px|0px|0px&#8221; make_fullwidth=&#8221;on&#8221; global_colors_info=&#8221;{}&#8221;][et_pb_column type=&#8221;1_2&#8243; _builder_version=&#8221;4.16&#8243; background_color=&#8221;#FFFFFF&#8221; custom_padding=&#8221;100px|10%|100px|10%&#8221; custom_padding_tablet=&#8221;50px|10%|50px|10%|false|false&#8221; custom_padding_phone=&#8221;35px||35px||true|false&#8221; custom_padding_last_edited=&#8221;on|phone&#8221; border_radii=&#8221;off||5px||&#8221; border_radii_tablet=&#8221;off||0px||&#8221; border_radii_phone=&#8221;off||0px||&#8221; border_radii_last_edited=&#8221;on|tablet&#8221; global_colors_info=&#8221;{}&#8221; custom_padding__hover=&#8221;|||&#8221;][et_pb_text admin_label=&#8221;Tittle&#8221; _builder_version=&#8221;4.27.4&#8243; text_font=&#8221;Nunito||||||||&#8221; text_font_size=&#8221;18px&#8221; text_line_height=&#8221;1.8em&#8221; header_font=&#8221;Poppins||||||||&#8221; header_text_align=&#8221;left&#8221; header_font_size=&#8221;25px&#8221; header_letter_spacing=&#8221;2px&#8221; header_line_height=&#8221;1.5em&#8221; header_3_font=&#8221;Poppins||||||||&#8221; header_3_font_size=&#8221;25px&#8221; header_3_letter_spacing=&#8221;2px&#8221; header_3_line_height=&#8221;1.5em&#8221; max_width=&#8221;600px&#8221; max_width_tablet=&#8221;&#8221; max_width_phone=&#8221;&#8221; max_width_last_edited=&#8221;on|phone&#8221; module_alignment=&#8221;left&#8221; custom_margin=&#8221;|||&#8221; hover_enabled=&#8221;0&#8243; locked=&#8221;off&#8221; global_colors_info=&#8221;{}&#8221; sticky_enabled=&#8221;0&#8243;]<\/p>\n<h4>Ad Libitum<\/h4>\n<h1>Det\u2019 ligesom buffet &#8211; bare frisklavet\ud83d\ude0b<\/h1>\n<p>I vores hyggelige restaurant p\u00e5 S\u00f8ndergade 18, 6600 Vejen byder vi alle ugens dage mellem 14:00 og 21:30 vores g\u00e6ster til en l\u00e6kker smagsoplevelse med vores popul\u00e6re sushi ad libitum koncept.<\/p>\n<p>N\u00e5r i tager plads, vil der st\u00e5 en tablet p\u00e5 bordet. P\u00e5 den kan i selv bestille den sushi og de retter i \u00f8nsker, lige n\u00e5r det lyster ogs\u00e5 af flere omgange &#8211; fra hele vores l\u00e6kre menukort.<\/p>\n<p>Prisen er fast per person og n\u00e5r man v\u00e6lger ad libitum, f\u00e5r man muligheden for at pr\u00f8ve noget nyt eller udv\u00e6lge netop sine favoritter, som vores professionelle sushikokke laver helt fra bunden s\u00e5 snart i sender bestilligen.<\/p>\n<p>Vi gl\u00e6der os til at give jer en fantastisk aften \ud83c\udf63<\/p>\n<p>[\/et_pb_text][\/et_pb_column][et_pb_column type=&#8221;1_2&#8243; disabled_on=&#8221;on|on|off&#8221; _builder_version=&#8221;4.16&#8243; background_enable_image=&#8221;off&#8221; custom_padding=&#8221;|||&#8221; custom_padding_tablet=&#8221;||500px||false|false&#8221; custom_padding_phone=&#8221;||0px||false|false&#8221; custom_padding_last_edited=&#8221;on|phone&#8221; global_colors_info=&#8221;{}&#8221; custom_padding__hover=&#8221;|||&#8221;][\/et_pb_column][\/et_pb_row][et_pb_row disabled_on=&#8221;off|off|on&#8221; _builder_version=&#8221;4.16&#8243; _module_preset=&#8221;default&#8221; background_image=&#8221;https:\/\/sushihus.dk\/en\/wp-content\/uploads\/2022\/03\/Billede10-1.jpg&#8221; width=&#8221;100%&#8221; max_width=&#8221;100%&#8221; global_colors_info=&#8221;{}&#8221;][et_pb_column type=&#8221;4_4&#8243; _builder_version=&#8221;4.16&#8243; _module_preset=&#8221;default&#8221; global_colors_info=&#8221;{}&#8221;][et_pb_image src=&#8221;https:\/\/sushihus.dk\/en\/wp-content\/uploads\/2022\/03\/BLANK_ICON.png&#8221; title_text=&#8221;BLANK_ICON&#8221; _builder_version=&#8221;4.16&#8243; _module_preset=&#8221;default&#8221; global_colors_info=&#8221;{}&#8221;][\/et_pb_image][\/et_pb_column][\/et_pb_row][\/et_pb_section][et_pb_section fb_built=&#8221;1&#8243; admin_label=&#8221;Best Beans&#8221; _builder_version=&#8221;4.16&#8243; background_color_gradient_direction=&#8221;90deg&#8221; custom_padding=&#8221;0px|0px|0px|0px&#8221; global_colors_info=&#8221;{}&#8221;][\/et_pb_section][et_pb_section fb_built=&#8221;1&#8243; admin_label=&#8221;Best Beans&#8221; _builder_version=&#8221;4.16&#8243; background_color_gradient_direction=&#8221;90deg&#8221; custom_padding=&#8221;0px|0px|0px|0px&#8221; global_colors_info=&#8221;{}&#8221;][et_pb_row column_structure=&#8221;1_2,1_2&#8243; use_custom_gutter=&#8221;on&#8221; gutter_width=&#8221;1&#8243; make_equal=&#8221;on&#8221; admin_label=&#8221;Best Beans Row&#8221; module_class=&#8221; et_pb_row_fullwidth&#8221; _builder_version=&#8221;4.17.3&#8243; width=&#8221;100%&#8221; width_tablet=&#8221;100%&#8221; width_phone=&#8221;100%&#8221; width_last_edited=&#8221;on|desktop&#8221; max_width=&#8221;100%&#8221; max_width_tablet=&#8221;100%&#8221; max_width_phone=&#8221;100%&#8221; max_width_last_edited=&#8221;on|desktop&#8221; custom_margin=&#8221;|||&#8221; custom_padding=&#8221;0px|0px|0px|0px&#8221; make_fullwidth=&#8221;on&#8221; global_colors_info=&#8221;{}&#8221;][et_pb_column type=&#8221;1_2&#8243; _builder_version=&#8221;4.16&#8243; global_colors_info=&#8221;{}&#8221;][et_pb_video src=&#8221;https:\/\/www.youtube.com\/watch?v=Efb_NhsNCL0&#8243; src_webm=&#8221;https:\/\/www.youtube.com\/watch?v=Efb_NhsNCL0&#8243; image_src=&#8221;https:\/\/sushihus.dk\/en\/wp-content\/uploads\/2022\/05\/6.png&#8221; _builder_version=&#8221;4.17.3&#8243; _module_preset=&#8221;default&#8221; width=&#8221;100%&#8221; module_alignment=&#8221;center&#8221; global_colors_info=&#8221;{}&#8221;][\/et_pb_video][dsm_image_accordion image_accordion_type=&#8221;on_click&#8221; image_accordion_animation_sequence=&#8221;on&#8221; ia_height=&#8221;50vh&#8221; ia_icon_color=&#8221;#ffffff&#8221; use_ia_icon_font_size=&#8221;off&#8221; overlay_color=&#8221;rgba(0,0,0,0.23)&#8221; ia_direction_tablet=&#8221;&#8221; ia_direction_phone=&#8221;vertical&#8221; ia_direction_last_edited=&#8221;on|phone&#8221; ia_height_tablet=&#8221;&#8221; ia_height_phone=&#8221;681px&#8221; ia_height_last_edited=&#8221;on|phone&#8221; ia_icon_font_size_tablet=&#8221;&#8221; ia_icon_font_size_phone=&#8221;20px&#8221; ia_icon_font_size_last_edited=&#8221;on|phone&#8221; _builder_version=&#8221;4.27.4&#8243; _module_preset=&#8221;default&#8221; title_font=&#8221;Montserrat|700|||||||&#8221; title_text_color=&#8221;#ffffff&#8221; desc_font=&#8221;Montserrat||||||||&#8221; desc_font_size=&#8221;19px&#8221; custom_margin=&#8221;0px||0px|0px|false|false&#8221; custom_padding=&#8221;0px||0px||false|false&#8221; title_font_size_tablet=&#8221;&#8221; title_font_size_phone=&#8221;19px&#8221; title_font_size_last_edited=&#8221;on|phone&#8221; desc_font_size_tablet=&#8221;&#8221; desc_font_size_phone=&#8221;13px&#8221; desc_font_size_last_edited=&#8221;on|phone&#8221; border_color_top=&#8221;#FFFFFF&#8221; global_module=&#8221;242232&#8243; global_colors_info=&#8221;{}&#8221;][dsm_image_accordion_child image_accordion_src=&#8221;https:\/\/sushihus.dk\/en\/wp-content\/uploads\/2022\/05\/5.png&#8221; use_accordion_icon=&#8221;off&#8221; image_accordion_icon_image=&#8221;https:\/\/sushihus.dk\/en\/wp-content\/uploads\/2022\/03\/tree-with-many-leaves-1.png&#8221; image_width=&#8221;41px&#8221; image_accordion_title=&#8221;Address and opening hours&#8221; image_accordion_desc=&#8221;We are located at S\u00f8ndergade 18, 6600 Vejen and are open every day of the week from 14:00 &#8211; 21:30.&#8221; ia_align_horizontal=&#8221;left&#8221; ia_align_vertical=&#8221;bottom&#8221; _builder_version=&#8221;4.27.4&#8243; _module_preset=&#8221;default&#8221; custom_button=&#8221;on&#8221; custom_padding=&#8221;|25px|25px|25px|false|true&#8221; global_colors_info=&#8221;{}&#8221;][\/dsm_image_accordion_child][dsm_image_accordion_child image_accordion_src=&#8221;https:\/\/sushihus.dk\/en\/wp-content\/uploads\/2022\/05\/3.png&#8221; use_accordion_icon=&#8221;off&#8221; image_accordion_icon_image=&#8221;https:\/\/sushihus.dk\/en\/wp-content\/uploads\/2022\/03\/tree-with-many-leaves-1.png&#8221; image_width=&#8221;41px&#8221; image_accordion_title=&#8221;Takeaway and table reservation&#8221; image_accordion_desc=&#8221;You can choose between our popular all-you-can-eat (ad libitum) concept in the restaurant or order freshly made takeaway for a cozy time at home.&#8221; ia_align_horizontal=&#8221;left&#8221; ia_align_vertical=&#8221;bottom&#8221; _builder_version=&#8221;4.27.4&#8243; _module_preset=&#8221;default&#8221; custom_padding=&#8221;|25px|25px|25px|false|true&#8221; global_colors_info=&#8221;{}&#8221;][\/dsm_image_accordion_child][dsm_image_accordion_child image_accordion_src=&#8221;https:\/\/sushihus.dk\/en\/wp-content\/uploads\/2022\/05\/4.png&#8221; use_accordion_icon=&#8221;off&#8221; image_accordion_icon_image=&#8221;https:\/\/sushihus.dk\/en\/wp-content\/uploads\/2022\/03\/tree-with-many-leaves-1.png&#8221; image_width=&#8221;41px&#8221; image_accordion_title=&#8221;Freshly made with every tap&#8221; image_accordion_desc=&#8221;Delicious and fresh sushi is something our chefs are skilled at. Our goal is for all customers to have happy taste buds after a visit to Kolding Sushi Hus.&#8221; ia_align_horizontal=&#8221;left&#8221; ia_align_vertical=&#8221;bottom&#8221; _builder_version=&#8221;4.27.4&#8243; _module_preset=&#8221;default&#8221; custom_padding=&#8221;|25px|25px|25px|false|true&#8221; global_colors_info=&#8221;{}&#8221;][\/dsm_image_accordion_child][dsm_image_accordion_child image_accordion_src=&#8221;https:\/\/sushihus.dk\/en\/wp-content\/uploads\/2022\/05\/6.png&#8221; use_accordion_icon=&#8221;off&#8221; image_accordion_icon_image=&#8221;https:\/\/sushihus.dk\/en\/wp-content\/uploads\/2022\/03\/tree-with-many-leaves-1.png&#8221; image_width=&#8221;41px&#8221; image_accordion_title=&#8221;Parking&#8221; image_accordion_desc=&#8221;Right in front of our restaurant there is a parking lot, which all of our guests can use free of charge.&#8221; ia_align_horizontal=&#8221;left&#8221; ia_align_vertical=&#8221;bottom&#8221; _builder_version=&#8221;4.27.4&#8243; _module_preset=&#8221;default&#8221; custom_padding=&#8221;|25px|25px|25px|false|true&#8221; global_colors_info=&#8221;{}&#8221;][\/dsm_image_accordion_child][\/dsm_image_accordion][\/et_pb_column][et_pb_column type=&#8221;1_2&#8243; _builder_version=&#8221;4.16&#8243; background_enable_image=&#8221;off&#8221; custom_padding=&#8221;100px|10%|100px|10%|false|false&#8221; custom_padding_tablet=&#8221;0px||50px||false|false&#8221; custom_padding_phone=&#8221;0px||30px||false|false&#8221; custom_padding_last_edited=&#8221;on|phone&#8221; global_colors_info=&#8221;{}&#8221; custom_padding__hover=&#8221;|||&#8221;][et_pb_text admin_label=&#8221;Tittle&#8221; _builder_version=&#8221;4.27.4&#8243; text_font=&#8221;Nunito||||||||&#8221; text_font_size=&#8221;18px&#8221; text_line_height=&#8221;1.8em&#8221; header_text_align=&#8221;center&#8221; header_3_font=&#8221;Poppins||||||||&#8221; header_3_font_size=&#8221;42px&#8221; header_3_letter_spacing=&#8221;2px&#8221; header_3_line_height=&#8221;1.5em&#8221; max_width=&#8221;600px&#8221; max_width_tablet=&#8221;&#8221; max_width_phone=&#8221;&#8221; max_width_last_edited=&#8221;on|phone&#8221; module_alignment=&#8221;left&#8221; custom_margin=&#8221;|||&#8221; custom_padding=&#8221;||0px|||&#8221; hover_enabled=&#8221;0&#8243; header_3_font_size_tablet=&#8221;30px&#8221; header_3_font_size_phone=&#8221;25px&#8221; header_3_font_size_last_edited=&#8221;on|tablet&#8221; locked=&#8221;off&#8221; global_colors_info=&#8221;{}&#8221; sticky_enabled=&#8221;0&#8243;]<\/p>\n<h3>Our History!<\/h3>\n<p><span style=\"font-weight: 400;\">We opened our first Running Sushi restaurant back in 2011 in Horsens, and the owner was Tom.<\/span><\/p>\n<p>We then opened one in Kolding in 2014, which was known by the name Kolding Sushi Hus. We have renovated our restaurant in Kolding, and as a result, we have also changed the name to Sushi Time. We now offer Sushi Ad Libitum (All You Can Eat Sushi).<\/p>\n<p>In 2015, we opened for the first time in Vejle under the name Vejle Running Sushi.<\/p>\n<p>In 2020, we opened in Vejen, which is now called Vejen Sushihus.<\/p>\n<p>We have many years of experience in making sushi. However, we do not only offer sushi.<\/p>\n<p>We can offer hot dishes, sticks, and several kinds of sushi. And for the children, we offer French fries, chicken nuggets, etc.<\/p>\n<p>We have various kinds of desserts to offer for those with a sweet tooth.<\/p>\n<p>We always strive to ensure the customer receives the best possible service, so that the customer can feel at home in our restaurants.[\/et_pb_text][\/et_pb_column][\/et_pb_row][\/et_pb_section][et_pb_section fb_built=&#8221;1&#8243; fullwidth=&#8221;on&#8221; _builder_version=&#8221;4.15.0&#8243; animation_style=&#8221;slide&#8221; animation_direction=&#8221;top&#8221; animation_intensity_slide=&#8221;2%&#8221; animation_starting_opacity=&#8221;100%&#8221; global_module=&#8221;241968&#8243; saved_tabs=&#8221;all&#8221; global_colors_info=&#8221;{}&#8221;][et_pb_fullwidth_header title=&#8221;Who are you going to have a cozy evening with?&#8221; button_one_text=&#8221;Book Table&#8221; button_one_url=&#8221;\/en\/book-table&#8221; button_two_text=&#8221;Bestil online&#8221; button_two_url=&#8221;\/en\/order-online&#8221; content_max_width=&#8221;700px&#8221; _builder_version=&#8221;4.27.4&#8243; title_font=&#8221;Poppins||||||||&#8221; title_font_size=&#8221;60px&#8221; title_line_height=&#8221;1.2em&#8221; content_font=&#8221;||||||||&#8221; content_font_size=&#8221;20px&#8221; content_line_height=&#8221;1.8em&#8221; background_color=&#8221;rgba(255, 255, 255, 0)&#8221; use_background_color_gradient=&#8221;on&#8221; background_color_gradient_direction=&#8221;90deg&#8221; background_color_gradient_stops=&#8221;rgba(0,0,0,0.75) 0%|rgba(0,0,0,0) 100%&#8221; background_color_gradient_overlays_image=&#8221;on&#8221; background_color_gradient_start=&#8221;rgba(0,0,0,0.75)&#8221; background_color_gradient_end=&#8221;rgba(0,0,0,0)&#8221; background_image=&#8221;https:\/\/sushihus.dk\/en\/wp-content\/uploads\/2022\/03\/red-caviar-chopsticks-sushi-macro-close-up-view.jpg&#8221; background_position=&#8221;top_right&#8221; custom_button_one=&#8221;on&#8221; button_one_text_size=&#8221;20px&#8221; button_one_text_color=&#8221;#FFFFFF&#8221; button_one_bg_color=&#8221;#ea1f2e&#8221; button_one_border_width=&#8221;1px&#8221; button_one_border_color=&#8221;#000000&#8243; button_one_border_radius=&#8221;5px&#8221; button_one_letter_spacing=&#8221;0px&#8221; button_one_font=&#8221;Poppins|500|||||||&#8221; button_one_use_icon=&#8221;off&#8221; button_one_custom_margin=&#8221;||||false|false&#8221; button_one_custom_padding=&#8221;10px|40px|10px|40px|true|true&#8221; button_one_custom_padding_tablet=&#8221;10px|40px|10px|40px|true|true&#8221; button_one_custom_padding_phone=&#8221;10px|82px|10px|82px|true|true&#8221; button_one_custom_padding_last_edited=&#8221;on|tablet&#8221; custom_button_two=&#8221;on&#8221; button_two_text_size=&#8221;20px&#8221; button_two_text_color=&#8221;#FFFFFF&#8221; button_two_bg_color=&#8221;#ea1f2e&#8221; button_two_border_width=&#8221;1px&#8221; button_two_border_color=&#8221;#000000&#8243; button_two_border_radius=&#8221;5px&#8221; button_two_letter_spacing=&#8221;0px&#8221; button_two_font=&#8221;Poppins|500|||||||&#8221; button_two_use_icon=&#8221;off&#8221; button_two_custom_margin=&#8221;||||false|false&#8221; button_two_custom_padding=&#8221;10px|40px|10px|40px|true|true&#8221; button_two_custom_padding_tablet=&#8221;10px|40px|10px|40px|true|true&#8221; button_two_custom_padding_phone=&#8221;10px|75px|10px|75px|true|true&#8221; button_two_custom_padding_last_edited=&#8221;on|tablet&#8221; custom_margin=&#8221;|||&#8221; custom_padding=&#8221;12%||12%|&#8221; title_font_size_tablet=&#8221;30px&#8221; title_font_size_phone=&#8221;&#8221; title_font_size_last_edited=&#8221;on|tablet&#8221; button_one_text_size_tablet=&#8221;20px&#8221; button_one_text_size_phone=&#8221;15px&#8221; button_one_text_size_last_edited=&#8221;on|phone&#8221; button_two_text_size_tablet=&#8221;20px&#8221; button_two_text_size_phone=&#8221;15px&#8221; button_two_text_size_last_edited=&#8221;on|phone&#8221; box_shadow_style_button_one=&#8221;preset1&#8243; box_shadow_color_button_one=&#8221;rgba(0,0,0,0.27)&#8221; box_shadow_style_button_two=&#8221;preset1&#8243; box_shadow_color_button_two=&#8221;rgba(0,0,0,0.27)&#8221; button_one_letter_spacing_hover=&#8221;1px&#8221; button_two_letter_spacing_hover=&#8221;1px&#8221; global_colors_info=&#8221;{}&#8221; button_one_text_size__hover_enabled=&#8221;off&#8221; button_two_text_size__hover_enabled=&#8221;off&#8221; button_one_text_color__hover_enabled=&#8221;on|hover&#8221; button_two_text_color__hover_enabled=&#8221;on|hover&#8221; button_one_border_width__hover_enabled=&#8221;off&#8221; button_two_border_width__hover_enabled=&#8221;off&#8221; button_one_border_color__hover_enabled=&#8221;on|desktop&#8221; button_two_border_color__hover_enabled=&#8221;on|desktop&#8221; button_one_border_radius__hover_enabled=&#8221;on|hover&#8221; button_two_border_radius__hover_enabled=&#8221;on|hover&#8221; button_one_letter_spacing__hover_enabled=&#8221;on|desktop&#8221; button_one_letter_spacing__hover=&#8221;0px&#8221; button_two_letter_spacing__hover_enabled=&#8221;on|desktop&#8221; button_two_letter_spacing__hover=&#8221;0px&#8221; button_one_bg_color__hover_enabled=&#8221;on|desktop&#8221; button_two_bg_color__hover_enabled=&#8221;on|desktop&#8221; button_one_text_color__hover=&#8221;#FFFFFF&#8221; button_one_bg_color__hover=&#8221;#000000&#8243; button_one_border_color__hover=&#8221;#ea1f2e&#8221; button_one_border_radius__hover=&#8221;5px&#8221; button_one_text_shadow_blur_strength__hover_enabled=&#8221;on|desktop&#8221; box_shadow_vertical_button_one__hover=&#8221;10px&#8221; box_shadow_vertical_button_one__hover_enabled=&#8221;on|hover&#8221; button_two_text_color__hover=&#8221;#FFFFFF&#8221; button_two_bg_color__hover=&#8221;#000000&#8243; button_two_border_color__hover=&#8221;#ea1f2e&#8221; button_two_border_radius__hover=&#8221;5px&#8221; button_two_text_shadow_blur_strength__hover_enabled=&#8221;on|desktop&#8221; box_shadow_vertical_button_two__hover=&#8221;10px&#8221; box_shadow_vertical_button_two__hover_enabled=&#8221;on|hover&#8221; button_two_bg_enable_color__hover=&#8221;on&#8221; button_one_bg_enable_color__hover=&#8221;on&#8221;][\/et_pb_fullwidth_header][\/et_pb_section]<\/p>\n","protected":false},"excerpt":{"rendered":"<p>Ad Libitum Det\u2019 ligesom buffet &#8211; bare frisklavet\ud83d\ude0b I vores hyggelige restaurant p\u00e5 S\u00f8ndergade 18, 6600 Vejen byder vi alle ugens dage mellem 14:00 og 21:30 vores g\u00e6ster til en l\u00e6kker smagsoplevelse med vores popul\u00e6re sushi ad libitum koncept. N\u00e5r i tager plads, vil der st\u00e5 en tablet p\u00e5 bordet. P\u00e5 den kan i selv [&hellip;]<\/p>\n","protected":false},"author":1,"featured_media":0,"parent":0,"menu_order":0,"comment_status":"closed","ping_status":"closed","template":"","meta":{"_et_pb_use_builder":"on","_et_pb_old_content":"","_et_gb_content_width":"","footnotes":""},"class_list":["post-25491","page","type-page","status-publish","hentry"],"_links":{"self":[{"href":"https:\/\/sushihus.dk\/en\/wp-json\/wp\/v2\/pages\/25491","targetHints":{"allow":["GET"]}}],"collection":[{"href":"https:\/\/sushihus.dk\/en\/wp-json\/wp\/v2\/pages"}],"about":[{"href":"https:\/\/sushihus.dk\/en\/wp-json\/wp\/v2\/types\/page"}],"author":[{"embeddable":true,"href":"https:\/\/sushihus.dk\/en\/wp-json\/wp\/v2\/users\/1"}],"replies":[{"embeddable":true,"href":"https:\/\/sushihus.dk\/en\/wp-json\/wp\/v2\/comments?post=25491"}],"version-history":[{"count":105,"href":"https:\/\/sushihus.dk\/en\/wp-json\/wp\/v2\/pages\/25491\/revisions"}],"predecessor-version":[{"id":243077,"href":"https:\/\/sushihus.dk\/en\/wp-json\/wp\/v2\/pages\/25491\/revisions\/243077"}],"wp:attachment":[{"href":"https:\/\/sushihus.dk\/en\/wp-json\/wp\/v2\/media?parent=25491"}],"curies":[{"name":"wp","href":"https:\/\/api.w.org\/{rel}","templated":true}]}}