{"id":242043,"date":"2022-03-08T23:30:20","date_gmt":"2022-03-08T22:30:20","guid":{"rendered":"https:\/\/sushihus.dk\/en\/?page_id=242043"},"modified":"2025-11-27T18:15:57","modified_gmt":"2025-11-27T17:15:57","slug":"faq","status":"publish","type":"page","link":"https:\/\/sushihus.dk\/en\/faq","title":{"rendered":"FAQ"},"content":{"rendered":"<p>[et_pb_section fb_built=&#8221;1&#8243; next_background_color=&#8221;#ffffff&#8221; _builder_version=&#8221;4.16&#8243; _module_preset=&#8221;default&#8221; background_color=&#8221;#FFFFFF&#8221; background_image=&#8221;https:\/\/sushihus.dk\/en\/wp-content\/uploads\/2022\/01\/fresh-philadelphia-sushi-roll-served-black-plate-1-1.jpg&#8221; custom_margin=&#8221;0px||0px||false|false&#8221; custom_padding=&#8221;75px||75px||true|false&#8221; bottom_divider_style=&#8221;asymmetric3&#8243; global_colors_info=&#8221;{}&#8221; theme_builder_area=&#8221;post_content&#8221;][et_pb_row _builder_version=&#8221;4.16&#8243; _module_preset=&#8221;default&#8221; custom_margin=&#8221;0px||0px||false|false&#8221; custom_padding=&#8221;0px||0px||false|false&#8221; global_colors_info=&#8221;{}&#8221; theme_builder_area=&#8221;post_content&#8221;][et_pb_column type=&#8221;4_4&#8243; _builder_version=&#8221;4.16&#8243; _module_preset=&#8221;default&#8221; global_colors_info=&#8221;{}&#8221; theme_builder_area=&#8221;post_content&#8221;][et_pb_text _builder_version=&#8221;4.27.4&#8243; text_font=&#8221;Ubuntu|300|||||||&#8221; text_text_color=&#8221;#FFFFFF&#8221; text_font_size=&#8221;20px&#8221; text_line_height=&#8221;1.8em&#8221; header_font=&#8221;Poppins|700|||||||&#8221; header_text_align=&#8221;center&#8221; header_text_color=&#8221;#FFFFFF&#8221; header_font_size=&#8221;50px&#8221; header_line_height=&#8221;1.1em&#8221; text_orientation=&#8221;center&#8221; width_tablet=&#8221;&#8221; width_phone=&#8221;100%&#8221; width_last_edited=&#8221;on|phone&#8221; max_width_tablet=&#8221;&#8221; max_width_phone=&#8221;100%&#8221; max_width_last_edited=&#8221;on|phone&#8221; custom_margin_tablet=&#8221;&#8221; custom_margin_phone=&#8221;||0px||false|false&#8221; custom_margin_last_edited=&#8221;on|phone&#8221; custom_padding_tablet=&#8221;&#8221; custom_padding_phone=&#8221;||0px||false|false&#8221; custom_padding_last_edited=&#8221;on|phone&#8221; header_text_align_tablet=&#8221;&#8221; header_text_align_phone=&#8221;center&#8221; header_text_align_last_edited=&#8221;on|phone&#8221; header_font_size_tablet=&#8221;40px&#8221; header_font_size_phone=&#8221;25px&#8221; header_font_size_last_edited=&#8221;on|phone&#8221; text_orientation_tablet=&#8221;&#8221; text_orientation_phone=&#8221;left&#8221; text_orientation_last_edited=&#8221;on|phone&#8221; global_colors_info=&#8221;{}&#8221; theme_builder_area=&#8221;post_content&#8221;]<\/p>\n<h1>Frequently Asked Questions<\/h1>\n<p>[\/et_pb_text][\/et_pb_column][\/et_pb_row][\/et_pb_section][et_pb_section fb_built=&#8221;1&#8243; _builder_version=&#8221;4.16&#8243; custom_padding=&#8221;30px||47px||false|&#8221; global_colors_info=&#8221;{}&#8221; theme_builder_area=&#8221;post_content&#8221;][et_pb_row _builder_version=&#8221;4.16&#8243; custom_padding=&#8221;0px||0px||false|false&#8221; border_color_all=&#8221;#ededed&#8221; global_colors_info=&#8221;{}&#8221; theme_builder_area=&#8221;post_content&#8221;][et_pb_column type=&#8221;4_4&#8243; _builder_version=&#8221;4.16&#8243; global_colors_info=&#8221;{}&#8221; theme_builder_area=&#8221;post_content&#8221;][et_pb_toggle title=&#8221;Generelle sp\u00f8rgsm\u00e5l&#8221; open_toggle_background_color=&#8221;#ffffff&#8221; closed_toggle_background_color=&#8221;#ffffff&#8221; icon_color=&#8221;#EA1F2E&#8221; _builder_version=&#8221;4.27.4&#8243; width=&#8221;85%&#8221; width_tablet=&#8221;&#8221; width_phone=&#8221;&#8221; width_last_edited=&#8221;on|tablet&#8221; module_alignment=&#8221;center&#8221; custom_margin=&#8221;||12px|||&#8221; border_color_all=&#8221;#EA1F2E&#8221; border_color_top=&#8221;#EA1F2E&#8221; border_width_bottom=&#8221;1px&#8221; border_color_bottom=&#8221;#ea1f2e&#8221; global_colors_info=&#8221;{}&#8221; theme_builder_area=&#8221;post_content&#8221;]Hvis vi har tilbud, kommer det op p\u00e5 vores hjemmeside eller p\u00e5 vores facebookside[\/et_pb_toggle][et_pb_toggle title=&#8221;Har I en ammepolitik? &#8221; open_toggle_background_color=&#8221;#ffffff&#8221; closed_toggle_background_color=&#8221;#ffffff&#8221; icon_color=&#8221;#EA1F2E&#8221; _builder_version=&#8221;4.27.4&#8243; width=&#8221;85%&#8221; width_tablet=&#8221;&#8221; width_phone=&#8221;&#8221; width_last_edited=&#8221;on|tablet&#8221; module_alignment=&#8221;center&#8221; custom_margin=&#8221;||12px|||&#8221; border_color_all=&#8221;#EA1F2E&#8221; border_color_top=&#8221;#EA1F2E&#8221; border_width_bottom=&#8221;1px&#8221; border_color_bottom=&#8221;#ea1f2e&#8221; global_colors_info=&#8221;{}&#8221; theme_builder_area=&#8221;post_content&#8221;]You are welcome to breastfeed in our restaurants, however, this must be disclosed when reserving a table so that we can take this into consideration when seating you.[\/et_pb_toggle][et_pb_toggle title=&#8221;Which days are you closed?&#8221; open_toggle_background_color=&#8221;#ffffff&#8221; closed_toggle_background_color=&#8221;#ffffff&#8221; icon_color=&#8221;#EA1F2E&#8221; _builder_version=&#8221;4.27.4&#8243; width=&#8221;85%&#8221; width_tablet=&#8221;&#8221; width_phone=&#8221;&#8221; width_last_edited=&#8221;on|tablet&#8221; module_alignment=&#8221;center&#8221; custom_margin=&#8221;||12px|||&#8221; border_color_all=&#8221;#EA1F2E&#8221; border_color_top=&#8221;#EA1F2E&#8221; border_width_bottom=&#8221;1px&#8221; border_color_bottom=&#8221;#ea1f2e&#8221; global_colors_info=&#8221;{}&#8221; theme_builder_area=&#8221;post_content&#8221;]Vi er \u00e5bent stort set alle dage i l\u00f8bet af \u00e5ret, men dog holder vi lukket p\u00e5 nogle dage i forbindelse med jul og nyt\u00e5r. We will announce our closing days leading up to the Christmas month. However, we are open on January 31st for Takeaway only. You can find information about this under news or you are always welcome to call us.[\/et_pb_toggle][et_pb_toggle title=&#8221;Do you have Gluten-free food? &#8221; open_toggle_background_color=&#8221;#ffffff&#8221; closed_toggle_background_color=&#8221;#ffffff&#8221; icon_color=&#8221;#EA1F2E&#8221; _builder_version=&#8221;4.27.4&#8243; width=&#8221;85%&#8221; width_tablet=&#8221;&#8221; width_phone=&#8221;&#8221; width_last_edited=&#8221;on|tablet&#8221; module_alignment=&#8221;center&#8221; custom_margin=&#8221;||12px|||&#8221; border_color_all=&#8221;#EA1F2E&#8221; border_color_top=&#8221;#EA1F2E&#8221; border_width_bottom=&#8221;1px&#8221; border_color_bottom=&#8221;#ea1f2e&#8221; global_colors_info=&#8221;{}&#8221; theme_builder_area=&#8221;post_content&#8221;]We have the possibility to prepare gluten-free food. You must inform us when reserving a table so that we have the opportunity to have the food ready for your arrival.[\/et_pb_toggle][et_pb_toggle title=&#8221;Are your restaurants handicap and wheelchair friendly? &#8221; open_toggle_background_color=&#8221;#ffffff&#8221; closed_toggle_background_color=&#8221;#ffffff&#8221; icon_color=&#8221;#EA1F2E&#8221; _builder_version=&#8221;4.27.4&#8243; width=&#8221;85%&#8221; width_tablet=&#8221;&#8221; width_phone=&#8221;&#8221; width_last_edited=&#8221;on|tablet&#8221; module_alignment=&#8221;center&#8221; custom_margin=&#8221;||12px|||&#8221; border_color_all=&#8221;#EA1F2E&#8221; border_color_top=&#8221;#EA1F2E&#8221; border_width_bottom=&#8221;1px&#8221; border_color_bottom=&#8221;#ea1f2e&#8221; global_colors_info=&#8221;{}&#8221; theme_builder_area=&#8221;post_content&#8221;]Vores restauranter <span>are handicap and wheelchair friendly. It is possible to enter our restaurants with, for example, a wheelchair, etc. Just inform us when reserving a table so that we can take this into consideration when seating you.<\/span>[\/et_pb_toggle][et_pb_toggle title=&#8221;Which days are public holidays?&#8221; open_toggle_background_color=&#8221;#ffffff&#8221; closed_toggle_background_color=&#8221;#ffffff&#8221; icon_color=&#8221;#EA1F2E&#8221; _builder_version=&#8221;4.27.4&#8243; width=&#8221;85%&#8221; width_tablet=&#8221;&#8221; width_phone=&#8221;&#8221; width_last_edited=&#8221;on|tablet&#8221; module_alignment=&#8221;center&#8221; custom_margin=&#8221;||12px|||&#8221; border_color_all=&#8221;#EA1F2E&#8221; border_color_top=&#8221;#EA1F2E&#8221; border_width_bottom=&#8221;1px&#8221; border_color_bottom=&#8221;#ea1f2e&#8221; global_colors_info=&#8221;{}&#8221; theme_builder_area=&#8221;post_content&#8221;]On these Danish public holidays, our public holiday prices apply: New Year&#8217;s Day Maundy Thursday Good Friday Easter Sunday Easter Monday Great Prayer Day Ascension Day Whitsun\/Pentecost Sunday Whit Monday Christmas Day Boxing Day[\/et_pb_toggle][\/et_pb_column][\/et_pb_row][et_pb_row _builder_version=&#8221;4.16&#8243; custom_margin=&#8221;0px||0px||false|false&#8221; custom_padding=&#8221;0px||0px||false|false&#8221; global_colors_info=&#8221;{}&#8221; theme_builder_area=&#8221;post_content&#8221;][et_pb_column type=&#8221;4_4&#8243; _builder_version=&#8221;4.16&#8243; global_colors_info=&#8221;{}&#8221; theme_builder_area=&#8221;post_content&#8221;][et_pb_button button_url=&#8221;\/en\/contact&#8221; button_text=&#8221;Do you have questions? Contact us&#8221; button_alignment=&#8221;center&#8221; _builder_version=&#8221;4.27.4&#8243; custom_button=&#8221;on&#8221; button_text_size=&#8221;20px&#8221; button_text_color=&#8221;#FFFFFF&#8221; button_bg_color=&#8221;#ea1f2e&#8221; button_border_width=&#8221;1px&#8221; button_border_color=&#8221;#ea1f2e&#8221; button_border_radius=&#8221;5px&#8221; button_letter_spacing=&#8221;0px&#8221; button_font=&#8221;Poppins|500|||||||&#8221; button_use_icon=&#8221;off&#8221; custom_margin=&#8221;25px|||||&#8221; button_text_size_tablet=&#8221;20px&#8221; button_text_size_phone=&#8221;15px&#8221; button_text_size_last_edited=&#8221;on|phone&#8221; button_border_color_hover=&#8221;#c99872&#8243; button_border_radius_hover=&#8221;0px&#8221; button_letter_spacing_hover=&#8221;3px&#8221; button_bg_color_hover=&#8221;#c99872&#8243; locked=&#8221;off&#8221; global_colors_info=&#8221;{}&#8221; button_text_size__hover_enabled=&#8221;off&#8221; button_one_text_size__hover_enabled=&#8221;off&#8221; button_two_text_size__hover_enabled=&#8221;off&#8221; button_text_color__hover_enabled=&#8221;on|hover&#8221; button_text_color__hover=&#8221;#000000&#8243; button_one_text_color__hover_enabled=&#8221;off&#8221; button_two_text_color__hover_enabled=&#8221;off&#8221; button_border_width__hover_enabled=&#8221;off&#8221; button_one_border_width__hover_enabled=&#8221;off&#8221; button_two_border_width__hover_enabled=&#8221;off&#8221; button_border_color__hover_enabled=&#8221;on|hover&#8221; button_border_color__hover=&#8221;#ea1f2e&#8221; button_one_border_color__hover_enabled=&#8221;off&#8221; button_two_border_color__hover_enabled=&#8221;off&#8221; button_border_radius__hover_enabled=&#8221;on|hover&#8221; button_border_radius__hover=&#8221;5px&#8221; button_one_border_radius__hover_enabled=&#8221;off&#8221; button_two_border_radius__hover_enabled=&#8221;off&#8221; button_letter_spacing__hover_enabled=&#8221;on|desktop&#8221; button_letter_spacing__hover=&#8221;0px&#8221; button_one_letter_spacing__hover_enabled=&#8221;off&#8221; button_two_letter_spacing__hover_enabled=&#8221;off&#8221; button_bg_color__hover_enabled=&#8221;on|hover&#8221; button_bg_color__hover=&#8221;#FFFFFF&#8221; button_one_bg_color__hover_enabled=&#8221;off&#8221; button_two_bg_color__hover_enabled=&#8221;off&#8221; button_text_shadow_blur_strength__hover_enabled=&#8221;on|desktop&#8221; theme_builder_area=&#8221;post_content&#8221;][\/et_pb_button][\/et_pb_column][\/et_pb_row][\/et_pb_section]<\/p>\n","protected":false},"excerpt":{"rendered":"<p>Frequently Asked QuestionsHvis vi har tilbud, kommer det op p\u00e5 vores hjemmeside eller p\u00e5 vores facebooksideYou are welcome to breastfeed in our restaurants, however, this must be disclosed when reserving a table so that we can take this into consideration when seating you.Vi er \u00e5bent stort set alle dage i l\u00f8bet af \u00e5ret, men dog [&hellip;]<\/p>\n","protected":false},"author":1,"featured_media":0,"parent":0,"menu_order":0,"comment_status":"closed","ping_status":"closed","template":"","meta":{"_et_pb_use_builder":"on","_et_pb_old_content":"","_et_gb_content_width":"","footnotes":""},"class_list":["post-242043","page","type-page","status-publish","hentry"],"_links":{"self":[{"href":"https:\/\/sushihus.dk\/en\/wp-json\/wp\/v2\/pages\/242043","targetHints":{"allow":["GET"]}}],"collection":[{"href":"https:\/\/sushihus.dk\/en\/wp-json\/wp\/v2\/pages"}],"about":[{"href":"https:\/\/sushihus.dk\/en\/wp-json\/wp\/v2\/types\/page"}],"author":[{"embeddable":true,"href":"https:\/\/sushihus.dk\/en\/wp-json\/wp\/v2\/users\/1"}],"replies":[{"embeddable":true,"href":"https:\/\/sushihus.dk\/en\/wp-json\/wp\/v2\/comments?post=242043"}],"version-history":[{"count":12,"href":"https:\/\/sushihus.dk\/en\/wp-json\/wp\/v2\/pages\/242043\/revisions"}],"predecessor-version":[{"id":243116,"href":"https:\/\/sushihus.dk\/en\/wp-json\/wp\/v2\/pages\/242043\/revisions\/243116"}],"wp:attachment":[{"href":"https:\/\/sushihus.dk\/en\/wp-json\/wp\/v2\/media?parent=242043"}],"curies":[{"name":"wp","href":"https:\/\/api.w.org\/{rel}","templated":true}]}}